{"id":93,"date":"2016-09-18T15:27:07","date_gmt":"2016-09-18T13:27:07","guid":{"rendered":"http:\/\/andreas-arnold.info\/?page_id=93"},"modified":"2016-09-18T15:47:13","modified_gmt":"2016-09-18T13:47:13","slug":"skills","status":"publish","type":"page","link":"http:\/\/andreas-arnold.info\/?page_id=93","title":{"rendered":"SKILLS"},"content":{"rendered":"<h4><strong>Weitere Eigenschaften und Qualifikationen<\/strong><\/h4>\n<p>Englisch verhandlungssicher (TOEIC 975), Franz\u00f6sisch solide Grundkenntnisse<\/p>\n<p>Betriebswirtschaftliche und juristische Kenntnisse, Vertragsmanagement, Strategie- und Teambildungskompetenz<\/p>\n<p>Analytisches Denken, Entscheidungsfreude und Durchsetzungskraft, Flexibilit\u00e4t und Stressresistenz, Hohe Sozialkompetenz und Kontaktf\u00e4higkeit<\/p>\n<p>Technikaffinit\u00e4t und Spa\u00df an Neuem<\/p>\n<hr \/>\n<p>Gesunder Ehrgeiz, Aufgeschlossenheit, Neugier, Kreativit\u00e4t, Organisationsst\u00e4rke, Engagement, Verantwortungsbewusstsein, Motivation, Empathie, Zielstrebigkeit, Entschlossenheit, ITIL, Project Management, Pr\u00e4sentationsf\u00e4higkeit, Cloud, IT-Infrastruktur, Datacenter, Storage, Netzwerke, Virtualisierung, F\u00fchrung und Teamwork<\/p>\n<hr \/>\n<p>Reisebereitschaft, Fahrerlaubnis A,B,C,D<\/p>\n<hr \/>\n<p>&nbsp;<\/p>\n","protected":false},"excerpt":{"rendered":"<p>Weitere Eigenschaften und Qualifikationen Englisch verhandlungssicher (TOEIC 975), Franz\u00f6sisch solide [&hellip;]<\/p>\n","protected":false},"author":1,"featured_media":0,"parent":0,"menu_order":0,"comment_status":"closed","ping_status":"closed","template":"","meta":[],"_links":{"self":[{"href":"http:\/\/andreas-arnold.info\/index.php?rest_route=\/wp\/v2\/pages\/93"}],"collection":[{"href":"http:\/\/andreas-arnold.info\/index.php?rest_route=\/wp\/v2\/pages"}],"about":[{"href":"http:\/\/andreas-arnold.info\/index.php?rest_route=\/wp\/v2\/types\/page"}],"author":[{"embeddable":true,"href":"http:\/\/andreas-arnold.info\/index.php?rest_route=\/wp\/v2\/users\/1"}],"replies":[{"embeddable":true,"href":"http:\/\/andreas-arnold.info\/index.php?rest_route=%2Fwp%2Fv2%2Fcomments&post=93"}],"version-history":[{"count":6,"href":"http:\/\/andreas-arnold.info\/index.php?rest_route=\/wp\/v2\/pages\/93\/revisions"}],"predecessor-version":[{"id":106,"href":"http:\/\/andreas-arnold.info\/index.php?rest_route=\/wp\/v2\/pages\/93\/revisions\/106"}],"wp:attachment":[{"href":"http:\/\/andreas-arnold.info\/index.php?rest_route=%2Fwp%2Fv2%2Fmedia&parent=93"}],"curies":[{"name":"wp","href":"https:\/\/api.w.org\/{rel}","templated":true}]}}