{"id":2,"date":"2016-01-01T00:00:21","date_gmt":"2015-12-31T22:00:21","guid":{"rendered":"http:\/\/wp452m.a10-52-158-154.qa.plesk.ru\/wordpress\/?page_id=2"},"modified":"2016-09-18T15:57:12","modified_gmt":"2016-09-18T13:57:12","slug":"sample-page","status":"publish","type":"page","link":"http:\/\/andreas-arnold.info\/?page_id=2","title":{"rendered":"ANDREAS ARNOLD"},"content":{"rendered":"<p><img loading=\"lazy\" class=\"alignright wp-image-35 size-medium\" src=\"http:\/\/andreas-arnold.info\/wp-content\/uploads\/2016\/01\/Andreas-Arnold-2016_Portrait-300x227.jpg\" alt=\"Andreas Arnold\" width=\"300\" height=\"227\" srcset=\"http:\/\/andreas-arnold.info\/wp-content\/uploads\/2016\/01\/Andreas-Arnold-2016_Portrait-300x227.jpg 300w, http:\/\/andreas-arnold.info\/wp-content\/uploads\/2016\/01\/Andreas-Arnold-2016_Portrait-768x581.jpg 768w, http:\/\/andreas-arnold.info\/wp-content\/uploads\/2016\/01\/Andreas-Arnold-2016_Portrait-1024x774.jpg 1024w, http:\/\/andreas-arnold.info\/wp-content\/uploads\/2016\/01\/Andreas-Arnold-2016_Portrait-830x627.jpg 830w, http:\/\/andreas-arnold.info\/wp-content\/uploads\/2016\/01\/Andreas-Arnold-2016_Portrait-230x174.jpg 230w, http:\/\/andreas-arnold.info\/wp-content\/uploads\/2016\/01\/Andreas-Arnold-2016_Portrait-350x265.jpg 350w, http:\/\/andreas-arnold.info\/wp-content\/uploads\/2016\/01\/Andreas-Arnold-2016_Portrait-480x363.jpg 480w\" sizes=\"(max-width: 300px) 100vw, 300px\" \/><\/p>\n<p style=\"text-align: justify;\">Ich bin ein langj\u00e4hrig erfahrener Manager im Bereich der IT-Services und vorwiegend in Datacenter Operations engagiert.<\/p>\n<p style=\"text-align: justify;\">Seit 1989 bin ich in der IT in den verschiedensten Projekten und Kundensituationen, zuletzt im Servicemanagement in f\u00fchrender Position t\u00e4tig und habe \u00fcber meine beruflichen Stationen einen breiten Erfahrungsschatz sammeln k\u00f6nnen.<\/p>\n<p style=\"text-align: justify;\">Als ziel- und ergebnisorientierte F\u00fchrungspers\u00f6nlichkeit mit dem Fokus auf Strategie und deren Umsetzung erm\u00f6glicht es mir meine analytische Denkweise und mein technisches Verst\u00e4ndnis gepaart mit hoher Sozialkompetenz eine effiziente und zielgerichtete Umsetzung notwendiger Ma\u00dfnahmen in einem teamorientierten und kommunikativen F\u00fchrungsstil.<\/p>\n<p style=\"text-align: justify;\">Spa\u00df an Technologien und Innovationen, betriebswirtschaftliches Denken und Handeln sowie juristische Grundkenntnisse und ein \u201eOpen Mind\u201c f\u00fcr alles Neue und andere Kulturen runden mein Profil ab und lassen mich auch in neuen Aufgabenstellungen schnell zurechtfinden.<\/p>\n<p style=\"text-align: justify;\">Ich verf\u00fcge \u00fcber verhandlungssicheres English in Wort und Schrift sowie \u00fcber solide Grundkenntnisse in Franz\u00f6sisch. Meine berufliche T\u00e4tigkeit f\u00fchrte mich bisher au\u00dfer in alle Teile Deutschlands auch nach England und D\u00e4nemark.<\/p>\n<p style=\"text-align: justify;\">Meinen ausf\u00fchrlichen Lebenslauf finden Sie <a href=\"https:\/\/www.xing.com\/profile\/Andreas_Arnold2\">hier<\/a>.<\/p>\n","protected":false},"excerpt":{"rendered":"<p>Ich bin ein langj\u00e4hrig erfahrener Manager im Bereich der IT-Services [&hellip;]<\/p>\n","protected":false},"author":1,"featured_media":0,"parent":0,"menu_order":0,"comment_status":"closed","ping_status":"closed","template":"","meta":[],"_links":{"self":[{"href":"http:\/\/andreas-arnold.info\/index.php?rest_route=\/wp\/v2\/pages\/2"}],"collection":[{"href":"http:\/\/andreas-arnold.info\/index.php?rest_route=\/wp\/v2\/pages"}],"about":[{"href":"http:\/\/andreas-arnold.info\/index.php?rest_route=\/wp\/v2\/types\/page"}],"author":[{"embeddable":true,"href":"http:\/\/andreas-arnold.info\/index.php?rest_route=\/wp\/v2\/users\/1"}],"replies":[{"embeddable":true,"href":"http:\/\/andreas-arnold.info\/index.php?rest_route=%2Fwp%2Fv2%2Fcomments&post=2"}],"version-history":[{"count":9,"href":"http:\/\/andreas-arnold.info\/index.php?rest_route=\/wp\/v2\/pages\/2\/revisions"}],"predecessor-version":[{"id":92,"href":"http:\/\/andreas-arnold.info\/index.php?rest_route=\/wp\/v2\/pages\/2\/revisions\/92"}],"wp:attachment":[{"href":"http:\/\/andreas-arnold.info\/index.php?rest_route=%2Fwp%2Fv2%2Fmedia&parent=2"}],"curies":[{"name":"wp","href":"https:\/\/api.w.org\/{rel}","templated":true}]}}