{"id":16,"date":"2016-09-15T21:19:56","date_gmt":"2016-09-15T19:19:56","guid":{"rendered":"http:\/\/andreas-arnold.info\/?page_id=16"},"modified":"2016-09-18T15:48:21","modified_gmt":"2016-09-18T13:48:21","slug":"gedanken","status":"publish","type":"page","link":"http:\/\/andreas-arnold.info\/?page_id=16","title":{"rendered":"GEDANKEN"},"content":{"rendered":"<p><strong>F\u00fchrung<\/strong><\/p>\n<p>F\u00fcr mich bedeutet F\u00fchrung\u00a0Delegieren und\u00a0Motivieren,\u00a0Kommunizieren und\u00a0Zusammenarbeiten,\u00a0Ziele vereinbaren,\u00a0Informieren, aber auch\u00a0Kontrollieren und nicht zuletzt gemeinsames Lernen und Ver\u00e4ndern.<\/p>\n<p><strong>Werte<\/strong><\/p>\n<p>F\u00fcr mich ist das Festhalten an Werten die Basis jeden Zusammenlebens und -arbeitens und somit auch meines F\u00fchrungsstils. F\u00fcr mich pers\u00f6nlich vertrete und verlange ich Offenheit, Respekt, Verbindlichkeit und Verantwortung.<\/p>\n","protected":false},"excerpt":{"rendered":"<p>F\u00fchrung F\u00fcr mich bedeutet F\u00fchrung\u00a0Delegieren und\u00a0Motivieren,\u00a0Kommunizieren und\u00a0Zusammenarbeiten,\u00a0Ziele vereinbaren,\u00a0Informieren, aber auch\u00a0Kontrollieren [&hellip;]<\/p>\n","protected":false},"author":1,"featured_media":0,"parent":0,"menu_order":0,"comment_status":"closed","ping_status":"closed","template":"","meta":[],"_links":{"self":[{"href":"http:\/\/andreas-arnold.info\/index.php?rest_route=\/wp\/v2\/pages\/16"}],"collection":[{"href":"http:\/\/andreas-arnold.info\/index.php?rest_route=\/wp\/v2\/pages"}],"about":[{"href":"http:\/\/andreas-arnold.info\/index.php?rest_route=\/wp\/v2\/types\/page"}],"author":[{"embeddable":true,"href":"http:\/\/andreas-arnold.info\/index.php?rest_route=\/wp\/v2\/users\/1"}],"replies":[{"embeddable":true,"href":"http:\/\/andreas-arnold.info\/index.php?rest_route=%2Fwp%2Fv2%2Fcomments&post=16"}],"version-history":[{"count":5,"href":"http:\/\/andreas-arnold.info\/index.php?rest_route=\/wp\/v2\/pages\/16\/revisions"}],"predecessor-version":[{"id":107,"href":"http:\/\/andreas-arnold.info\/index.php?rest_route=\/wp\/v2\/pages\/16\/revisions\/107"}],"wp:attachment":[{"href":"http:\/\/andreas-arnold.info\/index.php?rest_route=%2Fwp%2Fv2%2Fmedia&parent=16"}],"curies":[{"name":"wp","href":"https:\/\/api.w.org\/{rel}","templated":true}]}}