{"id":13,"date":"2016-09-15T21:18:24","date_gmt":"2016-09-15T19:18:24","guid":{"rendered":"http:\/\/andreas-arnold.info\/?page_id=13"},"modified":"2016-09-18T15:06:40","modified_gmt":"2016-09-18T13:06:40","slug":"stationen","status":"publish","type":"page","link":"http:\/\/andreas-arnold.info\/?page_id=13","title":{"rendered":"STATIONEN"},"content":{"rendered":"<p><strong><img loading=\"lazy\" class=\"alignleft wp-image-38\" src=\"http:\/\/andreas-arnold.info\/wp-content\/uploads\/2016\/09\/Andreas-Arnold-2016_gr1-682x1024.jpg\" alt=\"Andreas Arnold\" width=\"352\" height=\"529\" srcset=\"http:\/\/andreas-arnold.info\/wp-content\/uploads\/2016\/09\/Andreas-Arnold-2016_gr1-682x1024.jpg 682w, http:\/\/andreas-arnold.info\/wp-content\/uploads\/2016\/09\/Andreas-Arnold-2016_gr1-200x300.jpg 200w, http:\/\/andreas-arnold.info\/wp-content\/uploads\/2016\/09\/Andreas-Arnold-2016_gr1-768x1152.jpg 768w, http:\/\/andreas-arnold.info\/wp-content\/uploads\/2016\/09\/Andreas-Arnold-2016_gr1-830x1245.jpg 830w, http:\/\/andreas-arnold.info\/wp-content\/uploads\/2016\/09\/Andreas-Arnold-2016_gr1-230x345.jpg 230w, http:\/\/andreas-arnold.info\/wp-content\/uploads\/2016\/09\/Andreas-Arnold-2016_gr1-350x525.jpg 350w, http:\/\/andreas-arnold.info\/wp-content\/uploads\/2016\/09\/Andreas-Arnold-2016_gr1-480x720.jpg 480w\" sizes=\"(max-width: 352px) 100vw, 352px\" \/>Servicemanager Datacenter Onsite Services, COMLINE AG \u2013 2010\u2013Heute<\/strong><\/p>\n<p style=\"text-align: justify;\">Einf\u00fchrung Servicekatalog f\u00fcr IT-Dienstleistungen mit Integration in Cloud Service Architektur. Changemanagement der Leistungsportfolios zu SLA-basierten Vertr\u00e4gen \/ Managed Services. Aufbau Servicecenter f\u00fcr 24\/7 SLA-basierte Kundensituationen. Weiteres Wachstum auf nunmehr ca. 75 Mitarbeiter. Umsatzvolumen ca. 7 Mio. EUR. Erfolgreiche interne ISO9000 Re-Zertifizierungen. Steigerung des internationalen Engagements mit Aufbau weiterer Mitarbeiter in England und D\u00e4nemark.<\/p>\n<p>&nbsp;<\/p>\n<p><strong>Servicemanager Datacenter Onsite Services, COMLINE AG \u2013 2007\u20132010<\/strong><\/p>\n<p style=\"text-align: justify;\">Deutschlandweite Verantwortung und F\u00fchrung von ca. 30 Mitarbeitern. Umsatzverantwortung (ca. 2,5 Mio. Euro). Profit-\/Loss-Verantwortung auf DB2-Ebene. Handlungsvollmacht. Erfolgreiche Projektakquise bei strategischen Kunden: Deutliche Steigerung des Dienstleistungsvolumens. Erstes internationales Engagement in UK im Rahmen von TUPE-Betriebs\u00fcberg\u00e4ngen. Vereinheitlichung Dienstleistungsvertr\u00e4ge. Weiterentwicklung der Services in Bezug auf Inhalt sowie Abrechnungs- und Vertriebsmodelle.<\/p>\n<p>&nbsp;<\/p>\n<p><strong>Servicemanager STORAGE SOLUTIONS, COMLINE AG \u2013 2006<\/strong><\/p>\n<p style=\"text-align: justify;\">Konzeption des hersteller\u00fcbergreifenden Produkt- und Serviceportfolios im Bereich Storagel\u00f6sungen (EMC, NetApp, HP), Erarbeiten von Salesguides und Ausbildungspl\u00e4nen. Hersteller Alliancemanagement. Fachliche und disziplinarische Leitung der Delivery Unit \u201eStorage Solutions\u201c.<\/p>\n<p>&nbsp;<\/p>\n<p><strong>Leiter IT Engineering, Region S\u00fcdwest, COMLINE AG, 2005<\/strong><\/p>\n<p><strong>Teamleiter Business Critical Computing, COMLINE AG, 2002-2004<\/strong><\/p>\n<p><strong>Senior Consultant SAP-\/Storage Solutions, COMICS GmbH, 1998-2001<\/strong><\/p>\n<p><strong>Netzwerkengineer, COMICS GmbH, 1997-1998<\/strong><\/p>\n<p><strong>NetzwerkEngineer, Stadt Heidelberg, 1989-1997<\/strong><\/p>\n","protected":false},"excerpt":{"rendered":"<p>Servicemanager Datacenter Onsite Services, COMLINE AG \u2013 2010\u2013Heute Einf\u00fchrung Servicekatalog [&hellip;]<\/p>\n","protected":false},"author":1,"featured_media":0,"parent":0,"menu_order":0,"comment_status":"closed","ping_status":"closed","template":"","meta":[],"_links":{"self":[{"href":"http:\/\/andreas-arnold.info\/index.php?rest_route=\/wp\/v2\/pages\/13"}],"collection":[{"href":"http:\/\/andreas-arnold.info\/index.php?rest_route=\/wp\/v2\/pages"}],"about":[{"href":"http:\/\/andreas-arnold.info\/index.php?rest_route=\/wp\/v2\/types\/page"}],"author":[{"embeddable":true,"href":"http:\/\/andreas-arnold.info\/index.php?rest_route=\/wp\/v2\/users\/1"}],"replies":[{"embeddable":true,"href":"http:\/\/andreas-arnold.info\/index.php?rest_route=%2Fwp%2Fv2%2Fcomments&post=13"}],"version-history":[{"count":6,"href":"http:\/\/andreas-arnold.info\/index.php?rest_route=\/wp\/v2\/pages\/13\/revisions"}],"predecessor-version":[{"id":84,"href":"http:\/\/andreas-arnold.info\/index.php?rest_route=\/wp\/v2\/pages\/13\/revisions\/84"}],"wp:attachment":[{"href":"http:\/\/andreas-arnold.info\/index.php?rest_route=%2Fwp%2Fv2%2Fmedia&parent=13"}],"curies":[{"name":"wp","href":"https:\/\/api.w.org\/{rel}","templated":true}]}}