{"id":10,"date":"2016-09-15T21:16:36","date_gmt":"2016-09-15T19:16:36","guid":{"rendered":"http:\/\/andreas-arnold.info\/?page_id=10"},"modified":"2016-09-18T15:42:26","modified_gmt":"2016-09-18T13:42:26","slug":"leistungen","status":"publish","type":"page","link":"http:\/\/andreas-arnold.info\/?page_id=10","title":{"rendered":"BILDUNGSWEG"},"content":{"rendered":"<p><strong><img loading=\"lazy\" class=\"alignleft wp-image-85 size-medium\" src=\"http:\/\/andreas-arnold.info\/wp-content\/uploads\/2016\/09\/MBA-215x300.jpg\" alt=\"mba\" width=\"215\" height=\"300\" srcset=\"http:\/\/andreas-arnold.info\/wp-content\/uploads\/2016\/09\/MBA-215x300.jpg 215w, http:\/\/andreas-arnold.info\/wp-content\/uploads\/2016\/09\/MBA-768x1071.jpg 768w, http:\/\/andreas-arnold.info\/wp-content\/uploads\/2016\/09\/MBA-734x1024.jpg 734w, http:\/\/andreas-arnold.info\/wp-content\/uploads\/2016\/09\/MBA-830x1157.jpg 830w, http:\/\/andreas-arnold.info\/wp-content\/uploads\/2016\/09\/MBA-230x321.jpg 230w, http:\/\/andreas-arnold.info\/wp-content\/uploads\/2016\/09\/MBA-350x488.jpg 350w, http:\/\/andreas-arnold.info\/wp-content\/uploads\/2016\/09\/MBA-480x669.jpg 480w, http:\/\/andreas-arnold.info\/wp-content\/uploads\/2016\/09\/MBA.jpg 938w\" sizes=\"(max-width: 215px) 100vw, 215px\" \/><\/strong><strong>Hochschule Deggendorf, M.B.A., 2010<\/strong><\/p>\n<p>Master Thesis: \u201cStrategie- und wertorientierte Steuerung in Dienstleistungsunternehmen\u201d. Auszeichnung f\u00fcr herausragende Leistungen (M.B.A. General Management), 2010<\/p>\n<p><strong>Auslandsaufenthalt Kent Business School \/ University of\u00a0 Kent, UK, 2009<\/strong><\/p>\n<p>Curriculum \u201ePerformance Improvement\u201c<\/p>\n<p><strong>Duale Hochschule Baden-W\u00fcrttemberg, 1992<\/strong><\/p>\n<p>Diplom Betriebswirt(BA)\/Wirtschaftsinformatik, 1992<\/p>\n<p>&nbsp;<\/p>\n<h3><\/h3>\n<h5><strong>Trainings\/Zertifizierungen (Auszug)<\/strong><\/h5>\n<p><strong>2013 \u2013 2016<\/strong><\/p>\n<p>Umfangreiche betriebsinterne Trainings zur Mitarbeiterf\u00fchrung, IT-Servicekatalog, Regelm\u00e4\u00dfige Teilnahme an Messen und Produktveranstaltungen.<\/p>\n<p><strong>2006<\/strong><\/p>\n<p>NetApp EMEA Accredited Storage Architect Program, EMC Sales Accreditation: CLARiiON\u00a0 Specialist 2006.<\/p>\n<p><strong>2005<\/strong><\/p>\n<p>EMC Sales Accreditation: CLARiiON\u00a0 Specialist 2005, FSC PRIMERGY Certified PreSales Professional, ITIL Foundation Certificate in IT Service Management, HP SAP Business Partner \/ SAP Fundamentals, Diverse Vertriebsverhaltenstrainings, Opportunity Management Workshop \u201eWinning Race\u201c.<\/p>\n<p><strong>1997 \u2013 2004<\/strong><\/p>\n<p>SAP Certified Technical Consultant, HP: SAP Key Account Manager Update, FSC Flexframe for mySAP, FSC Storage Certified Sales Professional, HP Accredited Sales Professional Business Critical Server Solutions, Diverse Sales Trainings.<\/p>\n<h4><\/h4>\n","protected":false},"excerpt":{"rendered":"<p>Hochschule Deggendorf, M.B.A., 2010 Master Thesis: \u201cStrategie- und wertorientierte Steuerung [&hellip;]<\/p>\n","protected":false},"author":1,"featured_media":0,"parent":0,"menu_order":0,"comment_status":"closed","ping_status":"closed","template":"","meta":[],"_links":{"self":[{"href":"http:\/\/andreas-arnold.info\/index.php?rest_route=\/wp\/v2\/pages\/10"}],"collection":[{"href":"http:\/\/andreas-arnold.info\/index.php?rest_route=\/wp\/v2\/pages"}],"about":[{"href":"http:\/\/andreas-arnold.info\/index.php?rest_route=\/wp\/v2\/types\/page"}],"author":[{"embeddable":true,"href":"http:\/\/andreas-arnold.info\/index.php?rest_route=\/wp\/v2\/users\/1"}],"replies":[{"embeddable":true,"href":"http:\/\/andreas-arnold.info\/index.php?rest_route=%2Fwp%2Fv2%2Fcomments&post=10"}],"version-history":[{"count":18,"href":"http:\/\/andreas-arnold.info\/index.php?rest_route=\/wp\/v2\/pages\/10\/revisions"}],"predecessor-version":[{"id":102,"href":"http:\/\/andreas-arnold.info\/index.php?rest_route=\/wp\/v2\/pages\/10\/revisions\/102"}],"wp:attachment":[{"href":"http:\/\/andreas-arnold.info\/index.php?rest_route=%2Fwp%2Fv2%2Fmedia&parent=10"}],"curies":[{"name":"wp","href":"https:\/\/api.w.org\/{rel}","templated":true}]}}